{"id":2195,"date":"2025-07-10T08:46:57","date_gmt":"2025-07-10T05:46:57","guid":{"rendered":"https:\/\/www.ikiliikkuja.fi\/ikiliikkuja\/paikalliset_ja_valtakunnalliset_hankkeet\/"},"modified":"2026-01-09T12:43:43","modified_gmt":"2026-01-09T10:43:43","slug":"lokala-projekt","status":"publish","type":"page","link":"https:\/\/www.ikiliikkuja.fi\/sv\/aldre-i-rorelse\/lokala-projekt\/","title":{"rendered":"Lokala projekt"},"content":{"rendered":"<h1>Lokala projekt<\/h1>\n<p>I lokala projekt utvecklas de \u00e4ldres motionsr\u00e5dgivning eller motionsm\u00f6jligheter med hj\u00e4lp av underst\u00f6d beviljade av v\u00e4lf\u00e4rdsomr\u00e5den. Projekten kan fokusera p\u00e5 att fr\u00e4mja samarbete, st\u00e4rka kompetensen och \u00f6ka den fysiska aktiviteten (motionsr\u00e5dgivning, styrke- och balanstr\u00e4ning, tr\u00e4ningskurser p\u00e5 distans och utomhustr\u00e4ning).<\/p>\n<p>Flera \u00e5tg\u00e4rder kan genomf\u00f6ras samtidigt inom projekten i enlighet med kommunens behov och resurser. Utvecklingen \u00e4r systematisk och organiserad,\u00a0resultaten \u00f6vervakas och utv\u00e4rderas. Ledningen b\u00f6r vara engagerad i genomf\u00f6randet av projektet. Aktiviteterna utvecklas tillsammans med m\u00e5lgruppen.<\/p>\n<h2>\u00c4ldre i r\u00f6relse erbjuder <strong>projekt<\/strong><strong>en<\/strong><\/h2>\n<p>\u00c4ldre i r\u00f6relse -programmet erbjuder gratis st\u00f6d till alla \u00f6ver 65 \u00e5r som \u00e4r intresserade av att fr\u00e4mja fysisk aktivitet.<\/p>\n<h3>St\u00f6d f\u00f6r projektarbetet:<\/h3>\n<ul>\n<li>Tips f\u00f6r en framg\u00e5ngsrik projektprocess vid gemensamma m\u00f6ten i programmen I r\u00f6relse.<\/li>\n<li>M\u00f6jligheter att n\u00e4tverka med andra projektdeltagare vid Ikiliikkuja-m\u00f6ten.<\/li>\n<li>Aktuella fr\u00e5gor i nyhetsbrev.<\/li>\n<\/ul>\n<h3>Gratis utbildning <strong>(p\u00e5 finska)<\/strong>:<\/h3>\n<ul>\n<li>Liikuntaneuvontaa ik\u00e4ihmisille -et\u00e4koulutus<\/li>\n<li>Itseopiskeltava Voimaa et\u00e4jumpasta -verkkokoulutus<\/li>\n<li>Ulkoiluyst\u00e4v\u00e4ksi i\u00e4kk\u00e4\u00e4lle-kouluttajakoulutus, et\u00e4koulutus<\/li>\n<li>VoiTas-kouluttajakoulutus, l\u00e4hikoulutus<\/li>\n<\/ul>\n<p><a class=\"link-button fas fa-arrow-up-right-from-square fa--after\" href=\"https:\/\/www.ikainstituutti.fi\/koulutus-ja-tapahtumat\/koulutuskalenteri\/\" target=\"_blank\" rel=\"noopener\">Se utbildningskalendern (utbildningsspr\u00e5k: finska)<\/a><\/p>\n<h1>Nationella projekt<\/h1>\n<p>Undervisnings- och kulturministeriet finansierar nationella utvecklingsprojekt som fr\u00e4mjar en aktiv livsstil. Vi samarbetar med projekt som riktar sig till m\u00e5lgruppen Ikiliikkuja.<\/p>\n<p><strong><a class=\"fas fa-arrow-up-right-from-square fa--after\" href=\"https:\/\/allergia.fi\/uusi-hanke-tukee-ikaantyvia-astmaatikkoja\/\" target=\"_blank\" rel=\"noopener\">Ik\u00e4\u00e4ntyv\u00e4n astmaatikon liikuntapolku<\/a>, <\/strong>Allergia-, Iho- ja Astmaliitto ry<\/p>\n<p><a class=\"fas fa-arrow-up-right-from-square fa--after\" href=\"https:\/\/elakelaiset.fi\/toiminta\/liikuntaverstaat\/\" target=\"_blank\" rel=\"noopener\"><strong>Liikuntaverstaat<\/strong><\/a>, El\u00e4kel\u00e4iset ry<\/p>\n<p><a class=\"fas fa-arrow-up-right-from-square fa--after\" href=\"https:\/\/www.ekl.fi\/toiminta\/iloa-liikunnalla\/\" target=\"_blank\" rel=\"noopener\"><strong>Iloa liikunnalla!<\/strong><\/a>, El\u00e4kkeensaajien Keskusliitto EKL ry<\/p>\n<p><a class=\"fas fa-arrow-up-right-from-square fa--after\" href=\"https:\/\/elakeliitto.fi\/tekemista\/kulttuuri\/kulttuuria-liikkeella-toiminta\/\" target=\"_blank\" rel=\"noopener\"><strong>Kulttuuria liikkeell\u00e4!<\/strong><\/a>, El\u00e4keliitto ry<\/p>\n<p><a class=\"fas fa-arrow-up-right-from-square fa--after\" href=\"https:\/\/muistiliitto.fi\/hankkeet\/muistiliikkuja-hanke\/\" target=\"_blank\" rel=\"noopener\"><strong>Muistiliikkuja<\/strong><\/a>, Muistiliitto ry<\/p>\n<p><strong><a class=\"fas fa-arrow-up-right-from-square fa--after\" href=\"https:\/\/www.martha.fi\/om-oss\/projekt\/alla-ut-med-martha\" target=\"_blank\" rel=\"noopener\">Alla ut med Martha &#8211; skogsvandringar med l\u00e5g tr\u00f6skel, ny kunskap i nytt s\u00e4llskap<\/a>, <\/strong>Finlands Svenska Marthaf\u00f6rbund rf<\/p>\n<p><strong><a class=\"fas fa-arrow-up-right-from-square fa--after\" href=\"https:\/\/www.folkhalsan.fi\/halsoframjande-arbete\/projekt\/naturgladje-65\" target=\"_blank\" rel=\"noopener\">Naturgl\u00e4dje 65+ &#8211; naturanpassad fysisk aktivitet f\u00f6r seniorer<\/a>,<\/strong> Folkh\u00e4lsans F\u00f6rbund rf<\/p>\n<p><strong><a class=\"fas fa-arrow-up-right-from-square fa--after\" href=\"http:\/\/www.suomenlatu.fi\/hyvinvointiaulkoilusta\" target=\"_blank\" rel=\"noopener\">Hyvinvointia ulkoilusta<\/a>,<\/strong> Suomen Latu ry<\/p>\n<p><strong>Elinvoimaa voimaharjoittelusta,<\/strong> Suomen Voimanostoliitto ry<\/p>\n<p><a class=\"fas fa-arrow-up-right-from-square fa--after\" href=\"https:\/\/luustoliitto.fi\/luustoliitto\/ehkaistaan-kaatumiset-liikunnalla\/\" target=\"_blank\" rel=\"noopener\"><strong>Ehk\u00e4ist\u00e4\u00e4n kaatumiset liikunnalla EKLI II<\/strong><\/a>, Luustoliitto ry<\/p>\n<p><a class=\"fas fa-arrow-up-right-from-square fa--after\" href=\"https:\/\/reumaliitto.fi\/ajankohtaista\/kampanjat-ja-hankkeet\/liiketta-ja-hyvinvointia-65-vuotiaille\/\" target=\"_blank\" rel=\"noopener\"><strong>Liikett\u00e4 ja hyvinvointia i\u00e4kk\u00e4ille reuma- ja muita tuki- ja liikuntaelinsairauksia sairastaville<\/strong><\/a>, Suomen Reumaliitto ry<\/p>\n<p><strong>Ikiliike,<\/strong> Suomen Voimisteluliitto ry<\/p>\n<p><a class=\"fas fa-arrow-up-right-from-square fa--after\" href=\"https:\/\/www.skul.org\/hankkeet\/ikiliikkujat-hanke\/\" target=\"_blank\" rel=\"noopener\"><strong>Et\u00e4jumppaa kuulovammaisille senioreille<\/strong><\/a>, Suomen Kuurojen Urheiluliitto ry<\/p>\n","protected":false},"excerpt":{"rendered":"<p>Lokala projekt I lokala projekt utvecklas de \u00e4ldres motionsr\u00e5dgivning eller motionsm\u00f6jligheter med hj\u00e4lp av underst\u00f6d beviljade av v\u00e4lf\u00e4rdsomr\u00e5den. Projekten kan fokusera p\u00e5 att fr\u00e4mja samarbete, st\u00e4rka kompetensen och \u00f6ka den fysiska aktiviteten (motionsr\u00e5dgivning, styrke- och balanstr\u00e4ning, tr\u00e4ningskurser p\u00e5 distans och utomhustr\u00e4ning). Flera \u00e5tg\u00e4rder kan genomf\u00f6ras samtidigt inom projekten i enlighet med kommunens behov och resurser. [&hellip;]<\/p>\n","protected":false},"author":1,"featured_media":1386,"parent":2028,"menu_order":0,"comment_status":"closed","ping_status":"closed","template":"","meta":{"inline_featured_image":false,"footnotes":""},"class_list":["post-2195","page","type-page","status-publish","has-post-thumbnail","hentry"],"yoast_head":"<!-- This site is optimized with the Yoast SEO plugin v27.3 - https:\/\/yoast.com\/product\/yoast-seo-wordpress\/ -->\n<title>Lokala projekt - Ikiliikkuja<\/title>\n<meta name=\"description\" content=\"Paikallisissa ja valtakunnallisissa Ikiliikkuja-hankkeissa kehitet\u00e4\u00e4n i\u00e4kk\u00e4iden liikkumismahdollisuuksia.\" \/>\n<meta name=\"robots\" content=\"index, follow, max-snippet:-1, max-image-preview:large, max-video-preview:-1\" \/>\n<link rel=\"canonical\" href=\"https:\/\/www.ikiliikkuja.fi\/sv\/aldre-i-rorelse\/lokala-projekt\/\" \/>\n<meta property=\"og:locale\" content=\"sv_SE\" \/>\n<meta property=\"og:type\" content=\"article\" \/>\n<meta property=\"og:title\" content=\"Lokala projekt - Ikiliikkuja\" \/>\n<meta property=\"og:description\" content=\"Paikallisissa ja valtakunnallisissa Ikiliikkuja-hankkeissa kehitet\u00e4\u00e4n i\u00e4kk\u00e4iden liikkumismahdollisuuksia.\" \/>\n<meta property=\"og:url\" content=\"https:\/\/www.ikiliikkuja.fi\/sv\/aldre-i-rorelse\/lokala-projekt\/\" \/>\n<meta property=\"og:site_name\" content=\"Ikiliikkuja\" \/>\n<meta property=\"article:modified_time\" content=\"2026-01-09T10:43:43+00:00\" \/>\n<meta property=\"og:image\" content=\"https:\/\/www.ikainstituutti.fi\/content\/uploads\/sites\/2\/2025\/10\/54184801920_f7d21343e2_k.jpg\" \/>\n\t<meta property=\"og:image:width\" content=\"2048\" \/>\n\t<meta property=\"og:image:height\" content=\"1365\" \/>\n\t<meta property=\"og:image:type\" content=\"image\/jpeg\" \/>\n<meta name=\"twitter:card\" content=\"summary_large_image\" \/>\n<meta name=\"twitter:label1\" content=\"Est. reading time\" \/>\n\t<meta name=\"twitter:data1\" content=\"2 minutes\" \/>\n<script type=\"application\/ld+json\" class=\"yoast-schema-graph\">{\"@context\":\"https:\\\/\\\/schema.org\",\"@graph\":[{\"@type\":\"WebPage\",\"@id\":\"https:\\\/\\\/www.ikiliikkuja.fi\\\/sv\\\/aldre-i-rorelse\\\/lokala-projekt\\\/\",\"url\":\"https:\\\/\\\/www.ikiliikkuja.fi\\\/sv\\\/aldre-i-rorelse\\\/lokala-projekt\\\/\",\"name\":\"Lokala projekt - Ikiliikkuja\",\"isPartOf\":{\"@id\":\"https:\\\/\\\/www.ikiliikkuja.fi\\\/sv\\\/#website\"},\"primaryImageOfPage\":{\"@id\":\"https:\\\/\\\/www.ikiliikkuja.fi\\\/sv\\\/aldre-i-rorelse\\\/lokala-projekt\\\/#primaryimage\"},\"image\":{\"@id\":\"https:\\\/\\\/www.ikiliikkuja.fi\\\/sv\\\/aldre-i-rorelse\\\/lokala-projekt\\\/#primaryimage\"},\"thumbnailUrl\":\"https:\\\/\\\/www.ikainstituutti.fi\\\/content\\\/uploads\\\/sites\\\/2\\\/2025\\\/10\\\/54184801920_f7d21343e2_k.jpg\",\"datePublished\":\"2025-07-10T05:46:57+00:00\",\"dateModified\":\"2026-01-09T10:43:43+00:00\",\"description\":\"Paikallisissa ja valtakunnallisissa Ikiliikkuja-hankkeissa kehitet\u00e4\u00e4n i\u00e4kk\u00e4iden liikkumismahdollisuuksia.\",\"breadcrumb\":{\"@id\":\"https:\\\/\\\/www.ikiliikkuja.fi\\\/sv\\\/aldre-i-rorelse\\\/lokala-projekt\\\/#breadcrumb\"},\"inLanguage\":\"sv-SE\",\"potentialAction\":[{\"@type\":\"ReadAction\",\"target\":[\"https:\\\/\\\/www.ikiliikkuja.fi\\\/sv\\\/aldre-i-rorelse\\\/lokala-projekt\\\/\"]}]},{\"@type\":\"ImageObject\",\"inLanguage\":\"sv-SE\",\"@id\":\"https:\\\/\\\/www.ikiliikkuja.fi\\\/sv\\\/aldre-i-rorelse\\\/lokala-projekt\\\/#primaryimage\",\"url\":\"https:\\\/\\\/www.ikainstituutti.fi\\\/content\\\/uploads\\\/sites\\\/2\\\/2025\\\/10\\\/54184801920_f7d21343e2_k.jpg\",\"contentUrl\":\"https:\\\/\\\/www.ikainstituutti.fi\\\/content\\\/uploads\\\/sites\\\/2\\\/2025\\\/10\\\/54184801920_f7d21343e2_k.jpg\",\"width\":2048,\"height\":1365},{\"@type\":\"BreadcrumbList\",\"@id\":\"https:\\\/\\\/www.ikiliikkuja.fi\\\/sv\\\/aldre-i-rorelse\\\/lokala-projekt\\\/#breadcrumb\",\"itemListElement\":[{\"@type\":\"ListItem\",\"position\":1,\"name\":\"Etusivu\",\"item\":\"https:\\\/\\\/www.ikiliikkuja.fi\\\/sv\\\/\"},{\"@type\":\"ListItem\",\"position\":2,\"name\":\"\u00c4ldre i r\u00f6relse\",\"item\":\"https:\\\/\\\/www.ikiliikkuja.fi\\\/sv\\\/aldre-i-rorelse\\\/\"},{\"@type\":\"ListItem\",\"position\":3,\"name\":\"Lokala projekt\"}]},{\"@type\":\"WebSite\",\"@id\":\"https:\\\/\\\/www.ikiliikkuja.fi\\\/sv\\\/#website\",\"url\":\"https:\\\/\\\/www.ikiliikkuja.fi\\\/sv\\\/\",\"name\":\"Ikiliikkuja\",\"description\":\"\",\"potentialAction\":[{\"@type\":\"SearchAction\",\"target\":{\"@type\":\"EntryPoint\",\"urlTemplate\":\"https:\\\/\\\/www.ikiliikkuja.fi\\\/sv\\\/?s={search_term_string}\"},\"query-input\":{\"@type\":\"PropertyValueSpecification\",\"valueRequired\":true,\"valueName\":\"search_term_string\"}}],\"inLanguage\":\"sv-SE\"}]}<\/script>\n<!-- \/ Yoast SEO plugin. -->","yoast_head_json":{"title":"Lokala projekt - Ikiliikkuja","description":"Paikallisissa ja valtakunnallisissa Ikiliikkuja-hankkeissa kehitet\u00e4\u00e4n i\u00e4kk\u00e4iden liikkumismahdollisuuksia.","robots":{"index":"index","follow":"follow","max-snippet":"max-snippet:-1","max-image-preview":"max-image-preview:large","max-video-preview":"max-video-preview:-1"},"canonical":"https:\/\/www.ikiliikkuja.fi\/sv\/aldre-i-rorelse\/lokala-projekt\/","og_locale":"sv_SE","og_type":"article","og_title":"Lokala projekt - Ikiliikkuja","og_description":"Paikallisissa ja valtakunnallisissa Ikiliikkuja-hankkeissa kehitet\u00e4\u00e4n i\u00e4kk\u00e4iden liikkumismahdollisuuksia.","og_url":"https:\/\/www.ikiliikkuja.fi\/sv\/aldre-i-rorelse\/lokala-projekt\/","og_site_name":"Ikiliikkuja","article_modified_time":"2026-01-09T10:43:43+00:00","og_image":[{"width":2048,"height":1365,"url":"https:\/\/www.ikainstituutti.fi\/content\/uploads\/sites\/2\/2025\/10\/54184801920_f7d21343e2_k.jpg","type":"image\/jpeg"}],"twitter_card":"summary_large_image","twitter_misc":{"Est. reading time":"2 minutes"},"schema":{"@context":"https:\/\/schema.org","@graph":[{"@type":"WebPage","@id":"https:\/\/www.ikiliikkuja.fi\/sv\/aldre-i-rorelse\/lokala-projekt\/","url":"https:\/\/www.ikiliikkuja.fi\/sv\/aldre-i-rorelse\/lokala-projekt\/","name":"Lokala projekt - Ikiliikkuja","isPartOf":{"@id":"https:\/\/www.ikiliikkuja.fi\/sv\/#website"},"primaryImageOfPage":{"@id":"https:\/\/www.ikiliikkuja.fi\/sv\/aldre-i-rorelse\/lokala-projekt\/#primaryimage"},"image":{"@id":"https:\/\/www.ikiliikkuja.fi\/sv\/aldre-i-rorelse\/lokala-projekt\/#primaryimage"},"thumbnailUrl":"https:\/\/www.ikainstituutti.fi\/content\/uploads\/sites\/2\/2025\/10\/54184801920_f7d21343e2_k.jpg","datePublished":"2025-07-10T05:46:57+00:00","dateModified":"2026-01-09T10:43:43+00:00","description":"Paikallisissa ja valtakunnallisissa Ikiliikkuja-hankkeissa kehitet\u00e4\u00e4n i\u00e4kk\u00e4iden liikkumismahdollisuuksia.","breadcrumb":{"@id":"https:\/\/www.ikiliikkuja.fi\/sv\/aldre-i-rorelse\/lokala-projekt\/#breadcrumb"},"inLanguage":"sv-SE","potentialAction":[{"@type":"ReadAction","target":["https:\/\/www.ikiliikkuja.fi\/sv\/aldre-i-rorelse\/lokala-projekt\/"]}]},{"@type":"ImageObject","inLanguage":"sv-SE","@id":"https:\/\/www.ikiliikkuja.fi\/sv\/aldre-i-rorelse\/lokala-projekt\/#primaryimage","url":"https:\/\/www.ikainstituutti.fi\/content\/uploads\/sites\/2\/2025\/10\/54184801920_f7d21343e2_k.jpg","contentUrl":"https:\/\/www.ikainstituutti.fi\/content\/uploads\/sites\/2\/2025\/10\/54184801920_f7d21343e2_k.jpg","width":2048,"height":1365},{"@type":"BreadcrumbList","@id":"https:\/\/www.ikiliikkuja.fi\/sv\/aldre-i-rorelse\/lokala-projekt\/#breadcrumb","itemListElement":[{"@type":"ListItem","position":1,"name":"Etusivu","item":"https:\/\/www.ikiliikkuja.fi\/sv\/"},{"@type":"ListItem","position":2,"name":"\u00c4ldre i r\u00f6relse","item":"https:\/\/www.ikiliikkuja.fi\/sv\/aldre-i-rorelse\/"},{"@type":"ListItem","position":3,"name":"Lokala projekt"}]},{"@type":"WebSite","@id":"https:\/\/www.ikiliikkuja.fi\/sv\/#website","url":"https:\/\/www.ikiliikkuja.fi\/sv\/","name":"Ikiliikkuja","description":"","potentialAction":[{"@type":"SearchAction","target":{"@type":"EntryPoint","urlTemplate":"https:\/\/www.ikiliikkuja.fi\/sv\/?s={search_term_string}"},"query-input":{"@type":"PropertyValueSpecification","valueRequired":true,"valueName":"search_term_string"}}],"inLanguage":"sv-SE"}]}},"_links":{"self":[{"href":"https:\/\/www.ikiliikkuja.fi\/sv\/wp-json\/wp\/v2\/pages\/2195","targetHints":{"allow":["GET"]}}],"collection":[{"href":"https:\/\/www.ikiliikkuja.fi\/sv\/wp-json\/wp\/v2\/pages"}],"about":[{"href":"https:\/\/www.ikiliikkuja.fi\/sv\/wp-json\/wp\/v2\/types\/page"}],"author":[{"embeddable":true,"href":"https:\/\/www.ikiliikkuja.fi\/sv\/wp-json\/wp\/v2\/users\/1"}],"replies":[{"embeddable":true,"href":"https:\/\/www.ikiliikkuja.fi\/sv\/wp-json\/wp\/v2\/comments?post=2195"}],"version-history":[{"count":14,"href":"https:\/\/www.ikiliikkuja.fi\/sv\/wp-json\/wp\/v2\/pages\/2195\/revisions"}],"predecessor-version":[{"id":2766,"href":"https:\/\/www.ikiliikkuja.fi\/sv\/wp-json\/wp\/v2\/pages\/2195\/revisions\/2766"}],"up":[{"embeddable":true,"href":"https:\/\/www.ikiliikkuja.fi\/sv\/wp-json\/wp\/v2\/pages\/2028"}],"wp:featuredmedia":[{"embeddable":true,"href":"https:\/\/www.ikiliikkuja.fi\/sv\/wp-json\/wp\/v2\/media\/1386"}],"wp:attachment":[{"href":"https:\/\/www.ikiliikkuja.fi\/sv\/wp-json\/wp\/v2\/media?parent=2195"}],"curies":[{"name":"wp","href":"https:\/\/api.w.org\/{rel}","templated":true}]}}