{"id":2185,"date":"2025-08-14T15:02:27","date_gmt":"2025-08-14T12:02:27","guid":{"rendered":"https:\/\/www.ikiliikkuja.fi\/liikuntaharjoittelu\/bedomning-och-testning-av-rorlighet\/itsearviointi-ja-havainnointi\/"},"modified":"2026-01-19T12:26:21","modified_gmt":"2026-01-19T10:26:21","slug":"sjalvbedomning-och-observation","status":"publish","type":"page","link":"https:\/\/www.ikiliikkuja.fi\/sv\/motion\/bedomning-och-testning-av-rorlighet\/sjalvbedomning-och-observation\/","title":{"rendered":"Sj\u00e4lvbed\u00f6mning och observation"},"content":{"rendered":"<h1>Sj\u00e4lvbed\u00f6mning och observation<\/h1>\n<p><img loading=\"lazy\" decoding=\"async\" class=\"alignright wp-image-467 size-full\" src=\"https:\/\/www.ikiliikkuja.fi\/content\/uploads\/sites\/2\/2025\/08\/Nimeton-300-x-600-px-550-x-300-px-550-x-360-px.png\" alt=\"\" width=\"550\" height=\"360\" srcset=\"https:\/\/www.ikainstituutti.fi\/content\/uploads\/sites\/2\/2025\/08\/Nimeton-300-x-600-px-550-x-300-px-550-x-360-px.png 550w, https:\/\/www.ikainstituutti.fi\/content\/uploads\/sites\/2\/2025\/08\/Nimeton-300-x-600-px-550-x-300-px-550-x-360-px-300x196.png 300w\" sizes=\"auto, (max-width: 550px) 100vw, 550px\" \/><\/p>\n<p>Sj\u00e4lvbed\u00f6mningstester, dvs. olika fr\u00e5geformul\u00e4r och intervjuer, anv\u00e4nds f\u00f6r att reda ut hur en person upplever sin prestation i olika aktiviteter och hur \u00e4ldre personer bed\u00f6mer sin egen r\u00f6rlighet. Testerna \u00e4r l\u00e4tta att genomf\u00f6ra och passar n\u00e4stan alla. Sj\u00e4lvbed\u00f6mningen p\u00e5verkas ocks\u00e5 av faktorer som personlighet, k\u00e4nslom\u00e4ssiga faktorer, \u00e5lder och k\u00f6n. P\u00e5 samma s\u00e4tt kan m\u00e4nniskor \u00f6ver- eller underskatta sin funktionsf\u00f6rm\u00e5ga. N\u00e4r man senare tr\u00e4ffar klienten f\u00e5r man en mer korrekt bild av dennes faktiska funktionsf\u00f6rm\u00e5ga.<\/p>\n","protected":false},"excerpt":{"rendered":"<p>Sj\u00e4lvbed\u00f6mning och observation Sj\u00e4lvbed\u00f6mningstester, dvs. olika fr\u00e5geformul\u00e4r och intervjuer, anv\u00e4nds f\u00f6r att reda ut hur en person upplever sin prestation i olika aktiviteter och hur \u00e4ldre personer bed\u00f6mer sin egen r\u00f6rlighet. Testerna \u00e4r l\u00e4tta att genomf\u00f6ra och passar n\u00e4stan alla. Sj\u00e4lvbed\u00f6mningen p\u00e5verkas ocks\u00e5 av faktorer som personlighet, k\u00e4nslom\u00e4ssiga faktorer, \u00e5lder och k\u00f6n. P\u00e5 samma s\u00e4tt [&hellip;]<\/p>\n","protected":false},"author":440,"featured_media":0,"parent":2178,"menu_order":0,"comment_status":"closed","ping_status":"closed","template":"","meta":{"inline_featured_image":false,"footnotes":""},"class_list":["post-2185","page","type-page","status-publish","hentry"],"yoast_head":"<!-- This site is optimized with the Yoast SEO plugin v27.3 - https:\/\/yoast.com\/product\/yoast-seo-wordpress\/ -->\n<title>Sj\u00e4lvbed\u00f6mning och observation - Ikiliikkuja<\/title>\n<meta name=\"robots\" content=\"index, follow, max-snippet:-1, max-image-preview:large, max-video-preview:-1\" \/>\n<link rel=\"canonical\" href=\"https:\/\/www.ikiliikkuja.fi\/sv\/motion\/bedomning-och-testning-av-rorlighet\/sjalvbedomning-och-observation\/\" \/>\n<meta property=\"og:locale\" content=\"sv_SE\" \/>\n<meta property=\"og:type\" content=\"article\" \/>\n<meta property=\"og:title\" content=\"Sj\u00e4lvbed\u00f6mning och observation - Ikiliikkuja\" \/>\n<meta property=\"og:description\" content=\"Sj\u00e4lvbed\u00f6mning och observation Sj\u00e4lvbed\u00f6mningstester, dvs. olika fr\u00e5geformul\u00e4r och intervjuer, anv\u00e4nds f\u00f6r att reda ut hur en person upplever sin prestation i olika aktiviteter och hur \u00e4ldre personer bed\u00f6mer sin egen r\u00f6rlighet. Testerna \u00e4r l\u00e4tta att genomf\u00f6ra och passar n\u00e4stan alla. Sj\u00e4lvbed\u00f6mningen p\u00e5verkas ocks\u00e5 av faktorer som personlighet, k\u00e4nslom\u00e4ssiga faktorer, \u00e5lder och k\u00f6n. P\u00e5 samma s\u00e4tt [&hellip;]\" \/>\n<meta property=\"og:url\" content=\"https:\/\/www.ikiliikkuja.fi\/sv\/motion\/bedomning-och-testning-av-rorlighet\/sjalvbedomning-och-observation\/\" \/>\n<meta property=\"og:site_name\" content=\"Ikiliikkuja\" \/>\n<meta property=\"article:modified_time\" content=\"2026-01-19T10:26:21+00:00\" \/>\n<meta property=\"og:image\" content=\"https:\/\/www.ikainstituutti.fi\/content\/uploads\/sites\/2\/2025\/08\/Nimeton-300-x-600-px-550-x-300-px-550-x-360-px.png\" \/>\n\t<meta property=\"og:image:width\" content=\"550\" \/>\n\t<meta property=\"og:image:height\" content=\"360\" \/>\n\t<meta property=\"og:image:type\" content=\"image\/png\" \/>\n<meta name=\"twitter:card\" content=\"summary_large_image\" \/>\n<meta name=\"twitter:label1\" content=\"Est. reading time\" \/>\n\t<meta name=\"twitter:data1\" content=\"1 minute\" \/>\n<script type=\"application\/ld+json\" class=\"yoast-schema-graph\">{\"@context\":\"https:\\\/\\\/schema.org\",\"@graph\":[{\"@type\":\"WebPage\",\"@id\":\"https:\\\/\\\/www.ikiliikkuja.fi\\\/sv\\\/motion\\\/bedomning-och-testning-av-rorlighet\\\/sjalvbedomning-och-observation\\\/\",\"url\":\"https:\\\/\\\/www.ikiliikkuja.fi\\\/sv\\\/motion\\\/bedomning-och-testning-av-rorlighet\\\/sjalvbedomning-och-observation\\\/\",\"name\":\"Sj\u00e4lvbed\u00f6mning och observation - Ikiliikkuja\",\"isPartOf\":{\"@id\":\"https:\\\/\\\/www.ikiliikkuja.fi\\\/sv\\\/#website\"},\"primaryImageOfPage\":{\"@id\":\"https:\\\/\\\/www.ikiliikkuja.fi\\\/sv\\\/motion\\\/bedomning-och-testning-av-rorlighet\\\/sjalvbedomning-och-observation\\\/#primaryimage\"},\"image\":{\"@id\":\"https:\\\/\\\/www.ikiliikkuja.fi\\\/sv\\\/motion\\\/bedomning-och-testning-av-rorlighet\\\/sjalvbedomning-och-observation\\\/#primaryimage\"},\"thumbnailUrl\":\"https:\\\/\\\/www.ikiliikkuja.fi\\\/content\\\/uploads\\\/sites\\\/2\\\/2025\\\/08\\\/Nimeton-300-x-600-px-550-x-300-px-550-x-360-px.png\",\"datePublished\":\"2025-08-14T12:02:27+00:00\",\"dateModified\":\"2026-01-19T10:26:21+00:00\",\"breadcrumb\":{\"@id\":\"https:\\\/\\\/www.ikiliikkuja.fi\\\/sv\\\/motion\\\/bedomning-och-testning-av-rorlighet\\\/sjalvbedomning-och-observation\\\/#breadcrumb\"},\"inLanguage\":\"sv-SE\",\"potentialAction\":[{\"@type\":\"ReadAction\",\"target\":[\"https:\\\/\\\/www.ikiliikkuja.fi\\\/sv\\\/motion\\\/bedomning-och-testning-av-rorlighet\\\/sjalvbedomning-och-observation\\\/\"]}]},{\"@type\":\"ImageObject\",\"inLanguage\":\"sv-SE\",\"@id\":\"https:\\\/\\\/www.ikiliikkuja.fi\\\/sv\\\/motion\\\/bedomning-och-testning-av-rorlighet\\\/sjalvbedomning-och-observation\\\/#primaryimage\",\"url\":\"https:\\\/\\\/www.ikiliikkuja.fi\\\/content\\\/uploads\\\/sites\\\/2\\\/2025\\\/08\\\/Nimeton-300-x-600-px-550-x-300-px-550-x-360-px.png\",\"contentUrl\":\"https:\\\/\\\/www.ikiliikkuja.fi\\\/content\\\/uploads\\\/sites\\\/2\\\/2025\\\/08\\\/Nimeton-300-x-600-px-550-x-300-px-550-x-360-px.png\"},{\"@type\":\"BreadcrumbList\",\"@id\":\"https:\\\/\\\/www.ikiliikkuja.fi\\\/sv\\\/motion\\\/bedomning-och-testning-av-rorlighet\\\/sjalvbedomning-och-observation\\\/#breadcrumb\",\"itemListElement\":[{\"@type\":\"ListItem\",\"position\":1,\"name\":\"Etusivu\",\"item\":\"https:\\\/\\\/www.ikiliikkuja.fi\\\/sv\\\/\"},{\"@type\":\"ListItem\",\"position\":2,\"name\":\"Motion\",\"item\":\"https:\\\/\\\/www.ikiliikkuja.fi\\\/sv\\\/motion\\\/\"},{\"@type\":\"ListItem\",\"position\":3,\"name\":\"Bed\u00f6mning och testning av r\u00f6rlighet\",\"item\":\"https:\\\/\\\/www.ikiliikkuja.fi\\\/sv\\\/motion\\\/bedomning-och-testning-av-rorlighet\\\/\"},{\"@type\":\"ListItem\",\"position\":4,\"name\":\"Sj\u00e4lvbed\u00f6mning och observation\"}]},{\"@type\":\"WebSite\",\"@id\":\"https:\\\/\\\/www.ikiliikkuja.fi\\\/sv\\\/#website\",\"url\":\"https:\\\/\\\/www.ikiliikkuja.fi\\\/sv\\\/\",\"name\":\"Ikiliikkuja\",\"description\":\"\",\"potentialAction\":[{\"@type\":\"SearchAction\",\"target\":{\"@type\":\"EntryPoint\",\"urlTemplate\":\"https:\\\/\\\/www.ikiliikkuja.fi\\\/sv\\\/?s={search_term_string}\"},\"query-input\":{\"@type\":\"PropertyValueSpecification\",\"valueRequired\":true,\"valueName\":\"search_term_string\"}}],\"inLanguage\":\"sv-SE\"}]}<\/script>\n<!-- \/ Yoast SEO plugin. -->","yoast_head_json":{"title":"Sj\u00e4lvbed\u00f6mning och observation - Ikiliikkuja","robots":{"index":"index","follow":"follow","max-snippet":"max-snippet:-1","max-image-preview":"max-image-preview:large","max-video-preview":"max-video-preview:-1"},"canonical":"https:\/\/www.ikiliikkuja.fi\/sv\/motion\/bedomning-och-testning-av-rorlighet\/sjalvbedomning-och-observation\/","og_locale":"sv_SE","og_type":"article","og_title":"Sj\u00e4lvbed\u00f6mning och observation - Ikiliikkuja","og_description":"Sj\u00e4lvbed\u00f6mning och observation Sj\u00e4lvbed\u00f6mningstester, dvs. olika fr\u00e5geformul\u00e4r och intervjuer, anv\u00e4nds f\u00f6r att reda ut hur en person upplever sin prestation i olika aktiviteter och hur \u00e4ldre personer bed\u00f6mer sin egen r\u00f6rlighet. Testerna \u00e4r l\u00e4tta att genomf\u00f6ra och passar n\u00e4stan alla. Sj\u00e4lvbed\u00f6mningen p\u00e5verkas ocks\u00e5 av faktorer som personlighet, k\u00e4nslom\u00e4ssiga faktorer, \u00e5lder och k\u00f6n. P\u00e5 samma s\u00e4tt [&hellip;]","og_url":"https:\/\/www.ikiliikkuja.fi\/sv\/motion\/bedomning-och-testning-av-rorlighet\/sjalvbedomning-och-observation\/","og_site_name":"Ikiliikkuja","article_modified_time":"2026-01-19T10:26:21+00:00","og_image":[{"width":550,"height":360,"url":"https:\/\/www.ikainstituutti.fi\/content\/uploads\/sites\/2\/2025\/08\/Nimeton-300-x-600-px-550-x-300-px-550-x-360-px.png","type":"image\/png"}],"twitter_card":"summary_large_image","twitter_misc":{"Est. reading time":"1 minute"},"schema":{"@context":"https:\/\/schema.org","@graph":[{"@type":"WebPage","@id":"https:\/\/www.ikiliikkuja.fi\/sv\/motion\/bedomning-och-testning-av-rorlighet\/sjalvbedomning-och-observation\/","url":"https:\/\/www.ikiliikkuja.fi\/sv\/motion\/bedomning-och-testning-av-rorlighet\/sjalvbedomning-och-observation\/","name":"Sj\u00e4lvbed\u00f6mning och observation - Ikiliikkuja","isPartOf":{"@id":"https:\/\/www.ikiliikkuja.fi\/sv\/#website"},"primaryImageOfPage":{"@id":"https:\/\/www.ikiliikkuja.fi\/sv\/motion\/bedomning-och-testning-av-rorlighet\/sjalvbedomning-och-observation\/#primaryimage"},"image":{"@id":"https:\/\/www.ikiliikkuja.fi\/sv\/motion\/bedomning-och-testning-av-rorlighet\/sjalvbedomning-och-observation\/#primaryimage"},"thumbnailUrl":"https:\/\/www.ikiliikkuja.fi\/content\/uploads\/sites\/2\/2025\/08\/Nimeton-300-x-600-px-550-x-300-px-550-x-360-px.png","datePublished":"2025-08-14T12:02:27+00:00","dateModified":"2026-01-19T10:26:21+00:00","breadcrumb":{"@id":"https:\/\/www.ikiliikkuja.fi\/sv\/motion\/bedomning-och-testning-av-rorlighet\/sjalvbedomning-och-observation\/#breadcrumb"},"inLanguage":"sv-SE","potentialAction":[{"@type":"ReadAction","target":["https:\/\/www.ikiliikkuja.fi\/sv\/motion\/bedomning-och-testning-av-rorlighet\/sjalvbedomning-och-observation\/"]}]},{"@type":"ImageObject","inLanguage":"sv-SE","@id":"https:\/\/www.ikiliikkuja.fi\/sv\/motion\/bedomning-och-testning-av-rorlighet\/sjalvbedomning-och-observation\/#primaryimage","url":"https:\/\/www.ikiliikkuja.fi\/content\/uploads\/sites\/2\/2025\/08\/Nimeton-300-x-600-px-550-x-300-px-550-x-360-px.png","contentUrl":"https:\/\/www.ikiliikkuja.fi\/content\/uploads\/sites\/2\/2025\/08\/Nimeton-300-x-600-px-550-x-300-px-550-x-360-px.png"},{"@type":"BreadcrumbList","@id":"https:\/\/www.ikiliikkuja.fi\/sv\/motion\/bedomning-och-testning-av-rorlighet\/sjalvbedomning-och-observation\/#breadcrumb","itemListElement":[{"@type":"ListItem","position":1,"name":"Etusivu","item":"https:\/\/www.ikiliikkuja.fi\/sv\/"},{"@type":"ListItem","position":2,"name":"Motion","item":"https:\/\/www.ikiliikkuja.fi\/sv\/motion\/"},{"@type":"ListItem","position":3,"name":"Bed\u00f6mning och testning av r\u00f6rlighet","item":"https:\/\/www.ikiliikkuja.fi\/sv\/motion\/bedomning-och-testning-av-rorlighet\/"},{"@type":"ListItem","position":4,"name":"Sj\u00e4lvbed\u00f6mning och observation"}]},{"@type":"WebSite","@id":"https:\/\/www.ikiliikkuja.fi\/sv\/#website","url":"https:\/\/www.ikiliikkuja.fi\/sv\/","name":"Ikiliikkuja","description":"","potentialAction":[{"@type":"SearchAction","target":{"@type":"EntryPoint","urlTemplate":"https:\/\/www.ikiliikkuja.fi\/sv\/?s={search_term_string}"},"query-input":{"@type":"PropertyValueSpecification","valueRequired":true,"valueName":"search_term_string"}}],"inLanguage":"sv-SE"}]}},"_links":{"self":[{"href":"https:\/\/www.ikiliikkuja.fi\/sv\/wp-json\/wp\/v2\/pages\/2185","targetHints":{"allow":["GET"]}}],"collection":[{"href":"https:\/\/www.ikiliikkuja.fi\/sv\/wp-json\/wp\/v2\/pages"}],"about":[{"href":"https:\/\/www.ikiliikkuja.fi\/sv\/wp-json\/wp\/v2\/types\/page"}],"author":[{"embeddable":true,"href":"https:\/\/www.ikiliikkuja.fi\/sv\/wp-json\/wp\/v2\/users\/440"}],"replies":[{"embeddable":true,"href":"https:\/\/www.ikiliikkuja.fi\/sv\/wp-json\/wp\/v2\/comments?post=2185"}],"version-history":[{"count":5,"href":"https:\/\/www.ikiliikkuja.fi\/sv\/wp-json\/wp\/v2\/pages\/2185\/revisions"}],"predecessor-version":[{"id":2750,"href":"https:\/\/www.ikiliikkuja.fi\/sv\/wp-json\/wp\/v2\/pages\/2185\/revisions\/2750"}],"up":[{"embeddable":true,"href":"https:\/\/www.ikiliikkuja.fi\/sv\/wp-json\/wp\/v2\/pages\/2178"}],"wp:attachment":[{"href":"https:\/\/www.ikiliikkuja.fi\/sv\/wp-json\/wp\/v2\/media?parent=2185"}],"curies":[{"name":"wp","href":"https:\/\/api.w.org\/{rel}","templated":true}]}}