{"id":1632,"date":"2025-07-09T16:14:55","date_gmt":"2025-07-09T13:14:55","guid":{"rendered":"https:\/\/www.ikiliikkuja.fi\/startsida\/"},"modified":"2026-02-06T09:54:20","modified_gmt":"2026-02-06T07:54:20","slug":"startsida","status":"publish","type":"page","link":"https:\/\/www.ikiliikkuja.fi\/sv\/","title":{"rendered":"Startsida"},"content":{"rendered":"","protected":false},"excerpt":{"rendered":"","protected":false},"author":1,"featured_media":360,"parent":0,"menu_order":0,"comment_status":"closed","ping_status":"closed","template":"page-front.php","meta":{"inline_featured_image":false,"footnotes":""},"class_list":["post-1632","page","type-page","status-publish","has-post-thumbnail","hentry"],"yoast_head":"<!-- This site is optimized with the Yoast SEO plugin v27.3 - https:\/\/yoast.com\/product\/yoast-seo-wordpress\/ -->\n<title>Startsida - Ikiliikkuja<\/title>\n<meta name=\"description\" content=\"Ikiliikkuja.fi samlar information, st\u00f6d och metoder f\u00f6r att fr\u00e4mja \u00e4ldre m\u00e4nniskors h\u00e4lsa. Tillhandah\u00e5ller vetenskaplig information och praktiska verktyg f\u00f6r personer \u00f6ver 65 \u00e5r. f\u00f6r att f\u00f6rst\u00e4rka en fysisk livsstil.\" \/>\n<meta name=\"robots\" content=\"index, follow, max-snippet:-1, max-image-preview:large, max-video-preview:-1\" \/>\n<link rel=\"canonical\" href=\"https:\/\/www.ikiliikkuja.fi\/sv\/\" \/>\n<meta property=\"og:locale\" content=\"sv_SE\" \/>\n<meta property=\"og:type\" content=\"article\" \/>\n<meta property=\"og:title\" content=\"Startsida - Ikiliikkuja\" \/>\n<meta property=\"og:description\" content=\"Ikiliikkuja.fi samlar information, st\u00f6d och metoder f\u00f6r att fr\u00e4mja \u00e4ldre m\u00e4nniskors h\u00e4lsa. Tillhandah\u00e5ller vetenskaplig information och praktiska verktyg f\u00f6r personer \u00f6ver 65 \u00e5r. f\u00f6r att f\u00f6rst\u00e4rka en fysisk livsstil.\" \/>\n<meta property=\"og:url\" content=\"https:\/\/www.ikiliikkuja.fi\/sv\/\" \/>\n<meta property=\"og:site_name\" content=\"Ikiliikkuja\" \/>\n<meta property=\"article:modified_time\" content=\"2026-02-06T07:54:20+00:00\" \/>\n<meta property=\"og:image\" content=\"https:\/\/www.ikainstituutti.fi\/content\/uploads\/sites\/2\/2025\/07\/OssiGustavsson-3.jpg\" \/>\n\t<meta property=\"og:image:width\" content=\"799\" \/>\n\t<meta property=\"og:image:height\" content=\"533\" \/>\n\t<meta property=\"og:image:type\" content=\"image\/jpeg\" \/>\n<meta name=\"twitter:card\" content=\"summary_large_image\" \/>\n<meta name=\"twitter:label1\" content=\"Est. reading time\" \/>\n\t<meta name=\"twitter:data1\" content=\"1 minute\" \/>\n<script type=\"application\/ld+json\" class=\"yoast-schema-graph\">{\"@context\":\"https:\\\/\\\/schema.org\",\"@graph\":[{\"@type\":\"WebPage\",\"@id\":\"https:\\\/\\\/www.ikiliikkuja.fi\\\/sv\\\/\",\"url\":\"https:\\\/\\\/www.ikiliikkuja.fi\\\/sv\\\/\",\"name\":\"Startsida - Ikiliikkuja\",\"isPartOf\":{\"@id\":\"https:\\\/\\\/www.ikiliikkuja.fi\\\/sv\\\/#website\"},\"primaryImageOfPage\":{\"@id\":\"https:\\\/\\\/www.ikiliikkuja.fi\\\/sv\\\/#primaryimage\"},\"image\":{\"@id\":\"https:\\\/\\\/www.ikiliikkuja.fi\\\/sv\\\/#primaryimage\"},\"thumbnailUrl\":\"https:\\\/\\\/www.ikainstituutti.fi\\\/content\\\/uploads\\\/sites\\\/2\\\/2025\\\/07\\\/OssiGustavsson-3.jpg\",\"datePublished\":\"2025-07-09T13:14:55+00:00\",\"dateModified\":\"2026-02-06T07:54:20+00:00\",\"description\":\"Ikiliikkuja.fi samlar information, st\u00f6d och metoder f\u00f6r att fr\u00e4mja \u00e4ldre m\u00e4nniskors h\u00e4lsa. Tillhandah\u00e5ller vetenskaplig information och praktiska verktyg f\u00f6r personer \u00f6ver 65 \u00e5r. f\u00f6r att f\u00f6rst\u00e4rka en fysisk livsstil.\",\"breadcrumb\":{\"@id\":\"https:\\\/\\\/www.ikiliikkuja.fi\\\/sv\\\/#breadcrumb\"},\"inLanguage\":\"sv-SE\",\"potentialAction\":[{\"@type\":\"ReadAction\",\"target\":[\"https:\\\/\\\/www.ikiliikkuja.fi\\\/sv\\\/\"]}]},{\"@type\":\"ImageObject\",\"inLanguage\":\"sv-SE\",\"@id\":\"https:\\\/\\\/www.ikiliikkuja.fi\\\/sv\\\/#primaryimage\",\"url\":\"https:\\\/\\\/www.ikainstituutti.fi\\\/content\\\/uploads\\\/sites\\\/2\\\/2025\\\/07\\\/OssiGustavsson-3.jpg\",\"contentUrl\":\"https:\\\/\\\/www.ikainstituutti.fi\\\/content\\\/uploads\\\/sites\\\/2\\\/2025\\\/07\\\/OssiGustavsson-3.jpg\",\"width\":799,\"height\":533},{\"@type\":\"BreadcrumbList\",\"@id\":\"https:\\\/\\\/www.ikiliikkuja.fi\\\/sv\\\/#breadcrumb\",\"itemListElement\":[{\"@type\":\"ListItem\",\"position\":1,\"name\":\"Etusivu\",\"item\":\"https:\\\/\\\/www.ikiliikkuja.fi\\\/sv\\\/\"},{\"@type\":\"ListItem\",\"position\":2,\"name\":\"Startsida\"}]},{\"@type\":\"WebSite\",\"@id\":\"https:\\\/\\\/www.ikiliikkuja.fi\\\/sv\\\/#website\",\"url\":\"https:\\\/\\\/www.ikiliikkuja.fi\\\/sv\\\/\",\"name\":\"Ikiliikkuja\",\"description\":\"\",\"potentialAction\":[{\"@type\":\"SearchAction\",\"target\":{\"@type\":\"EntryPoint\",\"urlTemplate\":\"https:\\\/\\\/www.ikiliikkuja.fi\\\/sv\\\/?s={search_term_string}\"},\"query-input\":{\"@type\":\"PropertyValueSpecification\",\"valueRequired\":true,\"valueName\":\"search_term_string\"}}],\"inLanguage\":\"sv-SE\"}]}<\/script>\n<!-- \/ Yoast SEO plugin. -->","yoast_head_json":{"title":"Startsida - Ikiliikkuja","description":"Ikiliikkuja.fi samlar information, st\u00f6d och metoder f\u00f6r att fr\u00e4mja \u00e4ldre m\u00e4nniskors h\u00e4lsa. Tillhandah\u00e5ller vetenskaplig information och praktiska verktyg f\u00f6r personer \u00f6ver 65 \u00e5r. f\u00f6r att f\u00f6rst\u00e4rka en fysisk livsstil.","robots":{"index":"index","follow":"follow","max-snippet":"max-snippet:-1","max-image-preview":"max-image-preview:large","max-video-preview":"max-video-preview:-1"},"canonical":"https:\/\/www.ikiliikkuja.fi\/sv\/","og_locale":"sv_SE","og_type":"article","og_title":"Startsida - Ikiliikkuja","og_description":"Ikiliikkuja.fi samlar information, st\u00f6d och metoder f\u00f6r att fr\u00e4mja \u00e4ldre m\u00e4nniskors h\u00e4lsa. Tillhandah\u00e5ller vetenskaplig information och praktiska verktyg f\u00f6r personer \u00f6ver 65 \u00e5r. f\u00f6r att f\u00f6rst\u00e4rka en fysisk livsstil.","og_url":"https:\/\/www.ikiliikkuja.fi\/sv\/","og_site_name":"Ikiliikkuja","article_modified_time":"2026-02-06T07:54:20+00:00","og_image":[{"width":799,"height":533,"url":"https:\/\/www.ikainstituutti.fi\/content\/uploads\/sites\/2\/2025\/07\/OssiGustavsson-3.jpg","type":"image\/jpeg"}],"twitter_card":"summary_large_image","twitter_misc":{"Est. reading time":"1 minute"},"schema":{"@context":"https:\/\/schema.org","@graph":[{"@type":"WebPage","@id":"https:\/\/www.ikiliikkuja.fi\/sv\/","url":"https:\/\/www.ikiliikkuja.fi\/sv\/","name":"Startsida - Ikiliikkuja","isPartOf":{"@id":"https:\/\/www.ikiliikkuja.fi\/sv\/#website"},"primaryImageOfPage":{"@id":"https:\/\/www.ikiliikkuja.fi\/sv\/#primaryimage"},"image":{"@id":"https:\/\/www.ikiliikkuja.fi\/sv\/#primaryimage"},"thumbnailUrl":"https:\/\/www.ikainstituutti.fi\/content\/uploads\/sites\/2\/2025\/07\/OssiGustavsson-3.jpg","datePublished":"2025-07-09T13:14:55+00:00","dateModified":"2026-02-06T07:54:20+00:00","description":"Ikiliikkuja.fi samlar information, st\u00f6d och metoder f\u00f6r att fr\u00e4mja \u00e4ldre m\u00e4nniskors h\u00e4lsa. Tillhandah\u00e5ller vetenskaplig information och praktiska verktyg f\u00f6r personer \u00f6ver 65 \u00e5r. f\u00f6r att f\u00f6rst\u00e4rka en fysisk livsstil.","breadcrumb":{"@id":"https:\/\/www.ikiliikkuja.fi\/sv\/#breadcrumb"},"inLanguage":"sv-SE","potentialAction":[{"@type":"ReadAction","target":["https:\/\/www.ikiliikkuja.fi\/sv\/"]}]},{"@type":"ImageObject","inLanguage":"sv-SE","@id":"https:\/\/www.ikiliikkuja.fi\/sv\/#primaryimage","url":"https:\/\/www.ikainstituutti.fi\/content\/uploads\/sites\/2\/2025\/07\/OssiGustavsson-3.jpg","contentUrl":"https:\/\/www.ikainstituutti.fi\/content\/uploads\/sites\/2\/2025\/07\/OssiGustavsson-3.jpg","width":799,"height":533},{"@type":"BreadcrumbList","@id":"https:\/\/www.ikiliikkuja.fi\/sv\/#breadcrumb","itemListElement":[{"@type":"ListItem","position":1,"name":"Etusivu","item":"https:\/\/www.ikiliikkuja.fi\/sv\/"},{"@type":"ListItem","position":2,"name":"Startsida"}]},{"@type":"WebSite","@id":"https:\/\/www.ikiliikkuja.fi\/sv\/#website","url":"https:\/\/www.ikiliikkuja.fi\/sv\/","name":"Ikiliikkuja","description":"","potentialAction":[{"@type":"SearchAction","target":{"@type":"EntryPoint","urlTemplate":"https:\/\/www.ikiliikkuja.fi\/sv\/?s={search_term_string}"},"query-input":{"@type":"PropertyValueSpecification","valueRequired":true,"valueName":"search_term_string"}}],"inLanguage":"sv-SE"}]}},"_links":{"self":[{"href":"https:\/\/www.ikiliikkuja.fi\/sv\/wp-json\/wp\/v2\/pages\/1632","targetHints":{"allow":["GET"]}}],"collection":[{"href":"https:\/\/www.ikiliikkuja.fi\/sv\/wp-json\/wp\/v2\/pages"}],"about":[{"href":"https:\/\/www.ikiliikkuja.fi\/sv\/wp-json\/wp\/v2\/types\/page"}],"author":[{"embeddable":true,"href":"https:\/\/www.ikiliikkuja.fi\/sv\/wp-json\/wp\/v2\/users\/1"}],"replies":[{"embeddable":true,"href":"https:\/\/www.ikiliikkuja.fi\/sv\/wp-json\/wp\/v2\/comments?post=1632"}],"version-history":[{"count":2,"href":"https:\/\/www.ikiliikkuja.fi\/sv\/wp-json\/wp\/v2\/pages\/1632\/revisions"}],"predecessor-version":[{"id":2091,"href":"https:\/\/www.ikiliikkuja.fi\/sv\/wp-json\/wp\/v2\/pages\/1632\/revisions\/2091"}],"wp:featuredmedia":[{"embeddable":true,"href":"https:\/\/www.ikiliikkuja.fi\/sv\/wp-json\/wp\/v2\/media\/360"}],"wp:attachment":[{"href":"https:\/\/www.ikiliikkuja.fi\/sv\/wp-json\/wp\/v2\/media?parent=1632"}],"curies":[{"name":"wp","href":"https:\/\/api.w.org\/{rel}","templated":true}]}}